{"id":12,"date":"2022-02-03T13:13:15","date_gmt":"2022-02-03T18:13:15","guid":{"rendered":"https:\/\/www.lasocietedesplantes.com\/index.php\/my-ticket\/"},"modified":"2023-07-14T10:10:36","modified_gmt":"2023-07-14T14:10:36","slug":"workshops-and-tours","status":"publish","type":"page","link":"https:\/\/www.lasocietedesplantes.com\/en\/ateliers-et-visites\/","title":{"rendered":"Workshops and tours"},"content":{"rendered":"<div class=\"gb-container gb-container-6845b0e0\"><div class=\"gb-inside-container\">\n\n<h2 class=\"gb-headline gb-headline-3e77eb50 gb-headline-text\">Set foot in the workshop, explore the gardens.<\/h2>\n\n\n\n<p>Discover plants, explore the world of culinary exploration they offer. <\/p>\n\n\n\n<p>Take inspiration from unique gardens where Patrice's distinctive, bold and creative vision comes to life.<\/p>\n\n<\/div><\/div>\n\n<div class=\"gb-container gb-container-91af3147\"><div class=\"gb-inside-container\">\n<div class=\"woocommerce columns-2\"><ul class=\"products columns-2\">\n<li class=\"product-category product first\">\n\t<a aria-label=\"Visit product category ateliers\" href=\"https:\/\/www.lasocietedesplantes.com\/en\/categorie-produit\/ateliers\/\"><img loading=\"lazy\" decoding=\"async\" src=\"https:\/\/www.lasocietedesplantes.com\/wp-content\/uploads\/2023\/07\/JHA_0509_7maiAtelierSocietedesplantes_Web-300x400.jpg\" alt=\"workshops\" width=\"300\" height=\"400\" \/>\t\t<h2 class=\"woocommerce-loop-category__title\">\n\t\t\tworkshops <mark class=\"count\">(11)<\/mark>\t\t<\/h2>\n\t\t<\/a><\/li>\n<li class=\"product-category product last\">\n\t<a aria-label=\"Visit product category visites du jardin\" href=\"https:\/\/www.lasocietedesplantes.com\/en\/categorie-produit\/visites-du-jardin\/\"><img loading=\"lazy\" decoding=\"async\" src=\"https:\/\/www.lasocietedesplantes.com\/wp-content\/uploads\/2023\/07\/visite-29-aout-9h_Web-300x400.jpg\" alt=\"garden tours\" width=\"300\" height=\"400\" \/>\t\t<h2 class=\"woocommerce-loop-category__title\">\n\t\t\tgarden tours <mark class=\"count\">(2)<\/mark>\t\t<\/h2>\n\t\t<\/a><\/li>\n<\/ul>\n<\/div>\n\n<\/div><\/div>","protected":false},"excerpt":{"rendered":"","protected":false},"author":1,"featured_media":31798,"parent":0,"menu_order":0,"comment_status":"closed","ping_status":"closed","template":"","meta":{"footnotes":""},"class_list":["post-12","page","type-page","status-publish","has-post-thumbnail"],"yoast_head":"<!-- This site is optimized with the Yoast SEO plugin v27.5 - https:\/\/yoast.com\/product\/yoast-seo-wordpress\/ -->\n<title>Ateliers et visites - LA SOCI\u00c9T\u00c9 DES PLANTES<\/title>\n<meta name=\"description\" content=\"Visiter les jardins et l&#039;atelier l\u00e0 o\u00f9 toute la magie de Patrice et son \u00e9quipe op\u00e8re. D\u00e9couvrir les plantes, s&#039;enivrer dans l\u2019univers d\u2019exploration culinaire qu\u2019elles offrent. S\u2019inspirer de jardins uniques o\u00f9 r\u00e8gne la concr\u00e9tisation d\u2019une vision distinctive, audacieuse et cr\u00e9ative, celle de Patrice Fortier.\" \/>\n<meta name=\"robots\" content=\"index, follow, max-snippet:-1, max-image-preview:large, max-video-preview:-1\" \/>\n<link rel=\"canonical\" href=\"https:\/\/www.lasocietedesplantes.com\/en\/workshops-and-tours\/\" \/>\n<meta property=\"og:locale\" content=\"en_US\" \/>\n<meta property=\"og:type\" content=\"article\" \/>\n<meta property=\"og:title\" content=\"Ateliers et visites - LA SOCI\u00c9T\u00c9 DES PLANTES\" \/>\n<meta property=\"og:description\" content=\"Visiter les jardins et l&#039;atelier l\u00e0 o\u00f9 toute la magie de Patrice et son \u00e9quipe op\u00e8re. D\u00e9couvrir les plantes, s&#039;enivrer dans l\u2019univers d\u2019exploration culinaire qu\u2019elles offrent. S\u2019inspirer de jardins uniques o\u00f9 r\u00e8gne la concr\u00e9tisation d\u2019une vision distinctive, audacieuse et cr\u00e9ative, celle de Patrice Fortier.\" \/>\n<meta property=\"og:url\" content=\"https:\/\/www.lasocietedesplantes.com\/en\/workshops-and-tours\/\" \/>\n<meta property=\"og:site_name\" content=\"LA SOCI\u00c9T\u00c9 DES PLANTES\" \/>\n<meta property=\"article:publisher\" content=\"https:\/\/www.facebook.com\/LA-SOCI%c3%89T%c3%89-DES-PLANTES-100844866638607\/\" \/>\n<meta property=\"article:modified_time\" content=\"2023-07-14T14:10:36+00:00\" \/>\n<meta property=\"og:image\" content=\"https:\/\/www.lasocietedesplantes.com\/wp-content\/uploads\/2022\/02\/Illustrations-06.png\" \/>\n\t<meta property=\"og:image:width\" content=\"2501\" \/>\n\t<meta property=\"og:image:height\" content=\"2501\" \/>\n\t<meta property=\"og:image:type\" content=\"image\/png\" \/>\n<meta name=\"twitter:card\" content=\"summary_large_image\" \/>\n<meta name=\"twitter:label1\" content=\"Est. reading time\" \/>\n\t<meta name=\"twitter:data1\" content=\"1 minute\" \/>\n<script type=\"application\/ld+json\" class=\"yoast-schema-graph\">{\"@context\":\"https:\\\/\\\/schema.org\",\"@graph\":[{\"@type\":\"WebPage\",\"@id\":\"https:\\\/\\\/www.lasocietedesplantes.com\\\/ateliers-et-visites\\\/\",\"url\":\"https:\\\/\\\/www.lasocietedesplantes.com\\\/ateliers-et-visites\\\/\",\"name\":\"Ateliers et visites - LA SOCI\u00c9T\u00c9 DES PLANTES\",\"isPartOf\":{\"@id\":\"https:\\\/\\\/www.lasocietedesplantes.com\\\/#website\"},\"primaryImageOfPage\":{\"@id\":\"https:\\\/\\\/www.lasocietedesplantes.com\\\/ateliers-et-visites\\\/#primaryimage\"},\"image\":{\"@id\":\"https:\\\/\\\/www.lasocietedesplantes.com\\\/ateliers-et-visites\\\/#primaryimage\"},\"thumbnailUrl\":\"https:\\\/\\\/www.lasocietedesplantes.com\\\/wp-content\\\/uploads\\\/2022\\\/02\\\/Illustrations-06.png\",\"datePublished\":\"2022-02-03T18:13:15+00:00\",\"dateModified\":\"2023-07-14T14:10:36+00:00\",\"description\":\"Visiter les jardins et l'atelier l\u00e0 o\u00f9 toute la magie de Patrice et son \u00e9quipe op\u00e8re. D\u00e9couvrir les plantes, s'enivrer dans l\u2019univers d\u2019exploration culinaire qu\u2019elles offrent. S\u2019inspirer de jardins uniques o\u00f9 r\u00e8gne la concr\u00e9tisation d\u2019une vision distinctive, audacieuse et cr\u00e9ative, celle de Patrice Fortier.\",\"breadcrumb\":{\"@id\":\"https:\\\/\\\/www.lasocietedesplantes.com\\\/ateliers-et-visites\\\/#breadcrumb\"},\"inLanguage\":\"en-CA\",\"potentialAction\":[{\"@type\":\"ReadAction\",\"target\":[\"https:\\\/\\\/www.lasocietedesplantes.com\\\/ateliers-et-visites\\\/\"]}]},{\"@type\":\"ImageObject\",\"inLanguage\":\"en-CA\",\"@id\":\"https:\\\/\\\/www.lasocietedesplantes.com\\\/ateliers-et-visites\\\/#primaryimage\",\"url\":\"https:\\\/\\\/www.lasocietedesplantes.com\\\/wp-content\\\/uploads\\\/2022\\\/02\\\/Illustrations-06.png\",\"contentUrl\":\"https:\\\/\\\/www.lasocietedesplantes.com\\\/wp-content\\\/uploads\\\/2022\\\/02\\\/Illustrations-06.png\",\"width\":2501,\"height\":2501},{\"@type\":\"BreadcrumbList\",\"@id\":\"https:\\\/\\\/www.lasocietedesplantes.com\\\/ateliers-et-visites\\\/#breadcrumb\",\"itemListElement\":[{\"@type\":\"ListItem\",\"position\":1,\"name\":\"Home\",\"item\":\"https:\\\/\\\/www.lasocietedesplantes.com\\\/\"},{\"@type\":\"ListItem\",\"position\":2,\"name\":\"Ateliers et visites\"}]},{\"@type\":\"WebSite\",\"@id\":\"https:\\\/\\\/www.lasocietedesplantes.com\\\/#website\",\"url\":\"https:\\\/\\\/www.lasocietedesplantes.com\\\/\",\"name\":\"LA SOCI\u00c9T\u00c9 DES PLANTES\",\"description\":\"Semences de vari\u00e9t\u00e9s utiles et agr\u00e9ables\",\"publisher\":{\"@id\":\"https:\\\/\\\/www.lasocietedesplantes.com\\\/#organization\"},\"potentialAction\":[{\"@type\":\"SearchAction\",\"target\":{\"@type\":\"EntryPoint\",\"urlTemplate\":\"https:\\\/\\\/www.lasocietedesplantes.com\\\/?s={search_term_string}\"},\"query-input\":{\"@type\":\"PropertyValueSpecification\",\"valueRequired\":true,\"valueName\":\"search_term_string\"}}],\"inLanguage\":\"en-CA\"},{\"@type\":\"Organization\",\"@id\":\"https:\\\/\\\/www.lasocietedesplantes.com\\\/#organization\",\"name\":\"La soci\u00e9t\u00e9 des plantes\",\"url\":\"https:\\\/\\\/www.lasocietedesplantes.com\\\/\",\"logo\":{\"@type\":\"ImageObject\",\"inLanguage\":\"en-CA\",\"@id\":\"https:\\\/\\\/www.lasocietedesplantes.com\\\/#\\\/schema\\\/logo\\\/image\\\/\",\"url\":\"https:\\\/\\\/www.lasocietedesplantes.com\\\/wp-content\\\/uploads\\\/2022\\\/02\\\/la-societe-des-plantes-logo-mobile.png\",\"contentUrl\":\"https:\\\/\\\/www.lasocietedesplantes.com\\\/wp-content\\\/uploads\\\/2022\\\/02\\\/la-societe-des-plantes-logo-mobile.png\",\"width\":800,\"height\":313,\"caption\":\"La soci\u00e9t\u00e9 des plantes\"},\"image\":{\"@id\":\"https:\\\/\\\/www.lasocietedesplantes.com\\\/#\\\/schema\\\/logo\\\/image\\\/\"},\"sameAs\":[\"https:\\\/\\\/www.facebook.com\\\/LA-SOCI\u00c9T\u00c9-DES-PLANTES-100844866638607\\\/\",\"https:\\\/\\\/www.instagram.com\\\/la_societe_des_plantes\\\/\"]}]}<\/script>\n<!-- \/ Yoast SEO plugin. -->","yoast_head_json":{"title":"Workshops and tours - LA SOCI\u00c9T\u00c9 DES PLANTES","description":"Visit the gardens and workshop where Patrice and his team work their magic. Discover the plants, intoxicate yourself in the world of culinary exploration they offer. Be inspired by unique gardens where Patrice Fortier's distinctive, bold and creative vision comes to life.","robots":{"index":"index","follow":"follow","max-snippet":"max-snippet:-1","max-image-preview":"max-image-preview:large","max-video-preview":"max-video-preview:-1"},"canonical":"https:\/\/www.lasocietedesplantes.com\/en\/workshops-and-tours\/","og_locale":"en_US","og_type":"article","og_title":"Ateliers et visites - LA SOCI\u00c9T\u00c9 DES PLANTES","og_description":"Visiter les jardins et l'atelier l\u00e0 o\u00f9 toute la magie de Patrice et son \u00e9quipe op\u00e8re. D\u00e9couvrir les plantes, s'enivrer dans l\u2019univers d\u2019exploration culinaire qu\u2019elles offrent. S\u2019inspirer de jardins uniques o\u00f9 r\u00e8gne la concr\u00e9tisation d\u2019une vision distinctive, audacieuse et cr\u00e9ative, celle de Patrice Fortier.","og_url":"https:\/\/www.lasocietedesplantes.com\/en\/workshops-and-tours\/","og_site_name":"LA SOCI\u00c9T\u00c9 DES PLANTES","article_publisher":"https:\/\/www.facebook.com\/LA-SOCI%c3%89T%c3%89-DES-PLANTES-100844866638607\/","article_modified_time":"2023-07-14T14:10:36+00:00","og_image":[{"width":2501,"height":2501,"url":"https:\/\/www.lasocietedesplantes.com\/wp-content\/uploads\/2022\/02\/Illustrations-06.png","type":"image\/png"}],"twitter_card":"summary_large_image","twitter_misc":{"Est. reading time":"1 minute"},"schema":{"@context":"https:\/\/schema.org","@graph":[{"@type":"WebPage","@id":"https:\/\/www.lasocietedesplantes.com\/ateliers-et-visites\/","url":"https:\/\/www.lasocietedesplantes.com\/ateliers-et-visites\/","name":"Workshops and tours - LA SOCI\u00c9T\u00c9 DES PLANTES","isPartOf":{"@id":"https:\/\/www.lasocietedesplantes.com\/#website"},"primaryImageOfPage":{"@id":"https:\/\/www.lasocietedesplantes.com\/ateliers-et-visites\/#primaryimage"},"image":{"@id":"https:\/\/www.lasocietedesplantes.com\/ateliers-et-visites\/#primaryimage"},"thumbnailUrl":"https:\/\/www.lasocietedesplantes.com\/wp-content\/uploads\/2022\/02\/Illustrations-06.png","datePublished":"2022-02-03T18:13:15+00:00","dateModified":"2023-07-14T14:10:36+00:00","description":"Visit the gardens and workshop where Patrice and his team work their magic. Discover the plants, intoxicate yourself in the world of culinary exploration they offer. Be inspired by unique gardens where Patrice Fortier's distinctive, bold and creative vision comes to life.","breadcrumb":{"@id":"https:\/\/www.lasocietedesplantes.com\/ateliers-et-visites\/#breadcrumb"},"inLanguage":"en-CA","potentialAction":[{"@type":"ReadAction","target":["https:\/\/www.lasocietedesplantes.com\/ateliers-et-visites\/"]}]},{"@type":"ImageObject","inLanguage":"en-CA","@id":"https:\/\/www.lasocietedesplantes.com\/ateliers-et-visites\/#primaryimage","url":"https:\/\/www.lasocietedesplantes.com\/wp-content\/uploads\/2022\/02\/Illustrations-06.png","contentUrl":"https:\/\/www.lasocietedesplantes.com\/wp-content\/uploads\/2022\/02\/Illustrations-06.png","width":2501,"height":2501},{"@type":"BreadcrumbList","@id":"https:\/\/www.lasocietedesplantes.com\/ateliers-et-visites\/#breadcrumb","itemListElement":[{"@type":"ListItem","position":1,"name":"Home","item":"https:\/\/www.lasocietedesplantes.com\/"},{"@type":"ListItem","position":2,"name":"Ateliers et visites"}]},{"@type":"WebSite","@id":"https:\/\/www.lasocietedesplantes.com\/#website","url":"https:\/\/www.lasocietedesplantes.com\/","name":"THE PLANT COMPANY","description":"Seeds of useful and pleasant varieties","publisher":{"@id":"https:\/\/www.lasocietedesplantes.com\/#organization"},"potentialAction":[{"@type":"SearchAction","target":{"@type":"EntryPoint","urlTemplate":"https:\/\/www.lasocietedesplantes.com\/?s={search_term_string}"},"query-input":{"@type":"PropertyValueSpecification","valueRequired":true,"valueName":"search_term_string"}}],"inLanguage":"en-CA"},{"@type":"Organization","@id":"https:\/\/www.lasocietedesplantes.com\/#organization","name":"The plant company","url":"https:\/\/www.lasocietedesplantes.com\/","logo":{"@type":"ImageObject","inLanguage":"en-CA","@id":"https:\/\/www.lasocietedesplantes.com\/#\/schema\/logo\/image\/","url":"https:\/\/www.lasocietedesplantes.com\/wp-content\/uploads\/2022\/02\/la-societe-des-plantes-logo-mobile.png","contentUrl":"https:\/\/www.lasocietedesplantes.com\/wp-content\/uploads\/2022\/02\/la-societe-des-plantes-logo-mobile.png","width":800,"height":313,"caption":"La soci\u00e9t\u00e9 des plantes"},"image":{"@id":"https:\/\/www.lasocietedesplantes.com\/#\/schema\/logo\/image\/"},"sameAs":["https:\/\/www.facebook.com\/LA-SOCI\u00c9T\u00c9-DES-PLANTES-100844866638607\/","https:\/\/www.instagram.com\/la_societe_des_plantes\/"]}]}},"_links":{"self":[{"href":"https:\/\/www.lasocietedesplantes.com\/en\/wp-json\/wp\/v2\/pages\/12","targetHints":{"allow":["GET"]}}],"collection":[{"href":"https:\/\/www.lasocietedesplantes.com\/en\/wp-json\/wp\/v2\/pages"}],"about":[{"href":"https:\/\/www.lasocietedesplantes.com\/en\/wp-json\/wp\/v2\/types\/page"}],"author":[{"embeddable":true,"href":"https:\/\/www.lasocietedesplantes.com\/en\/wp-json\/wp\/v2\/users\/1"}],"replies":[{"embeddable":true,"href":"https:\/\/www.lasocietedesplantes.com\/en\/wp-json\/wp\/v2\/comments?post=12"}],"version-history":[{"count":2,"href":"https:\/\/www.lasocietedesplantes.com\/en\/wp-json\/wp\/v2\/pages\/12\/revisions"}],"predecessor-version":[{"id":56353,"href":"https:\/\/www.lasocietedesplantes.com\/en\/wp-json\/wp\/v2\/pages\/12\/revisions\/56353"}],"wp:featuredmedia":[{"embeddable":true,"href":"https:\/\/www.lasocietedesplantes.com\/en\/wp-json\/wp\/v2\/media\/31798"}],"wp:attachment":[{"href":"https:\/\/www.lasocietedesplantes.com\/en\/wp-json\/wp\/v2\/media?parent=12"}],"curies":[{"name":"wp","href":"https:\/\/api.w.org\/{rel}","templated":true}]}}