{"id":31709,"date":"2022-02-08T19:07:03","date_gmt":"2022-02-09T00:07:03","guid":{"rendered":"https:\/\/www.lasocietedesplantes.com\/?page_id=31709"},"modified":"2022-06-30T11:24:01","modified_gmt":"2022-06-30T15:24:01","slug":"store","status":"publish","type":"page","link":"https:\/\/www.lasocietedesplantes.com\/en\/boutique\/","title":{"rendered":"Store"},"content":{"rendered":"<div class=\"gb-container gb-container-6845b0e0\"><div class=\"gb-inside-container\">\n\n<h2 class=\"gb-headline gb-headline-3e77eb50 gb-headline-text\">Dreaming of a vegetable garden.<\/h2>\n\n\n\n<p>Digging through catalogs. Imagine your hands in the dirt. <\/p>\n\n\n\n<p>Dreaming of watching nature organize itself. Harvesting. Savor<\/p>\n\n<\/div><\/div>\n\n<div class=\"gb-container gb-container-afdec8a9\"><div class=\"gb-inside-container\">\n<div class=\"woocommerce columns-3\"><ul class=\"products columns-3\">\n<li class=\"product-category product first\">\n\t<a aria-label=\"Visit product category l\u00e9gumes feuilles\" href=\"https:\/\/www.lasocietedesplantes.com\/en\/categorie-produit\/legumes-feuilles\/\"><img loading=\"lazy\" decoding=\"async\" src=\"https:\/\/www.lasocietedesplantes.com\/wp-content\/uploads\/2022\/02\/CapucinesFeuilles-300x400.jpg\" alt=\"leafy vegetables\" width=\"300\" height=\"400\" \/>\t\t<h2 class=\"woocommerce-loop-category__title\">\n\t\t\tleafy vegetables <mark class=\"count\">(88)<\/mark>\t\t<\/h2>\n\t\t<\/a><\/li>\n<li class=\"product-category product\">\n\t<a aria-label=\"Visit product category l\u00e9gumes fruits\" href=\"https:\/\/www.lasocietedesplantes.com\/en\/categorie-produit\/legumes-fruits\/\"><img loading=\"lazy\" decoding=\"async\" src=\"https:\/\/www.lasocietedesplantes.com\/wp-content\/uploads\/2022\/02\/Tomate_Green_Zebra-1-300x400.jpg\" alt=\"vegetables fruit\" width=\"300\" height=\"400\" \/>\t\t<h2 class=\"woocommerce-loop-category__title\">\n\t\t\tvegetables fruit <mark class=\"count\">(122)<\/mark>\t\t<\/h2>\n\t\t<\/a><\/li>\n<li class=\"product-category product last\">\n\t<a aria-label=\"Visit product category l\u00e9gumes racines\" href=\"https:\/\/www.lasocietedesplantes.com\/en\/categorie-produit\/legumes-racines\/\"><img loading=\"lazy\" decoding=\"async\" src=\"https:\/\/www.lasocietedesplantes.com\/wp-content\/uploads\/2022\/02\/RaphanusGroupe-1-300x400.jpg\" alt=\"root vegetables\" width=\"300\" height=\"400\" \/>\t\t<h2 class=\"woocommerce-loop-category__title\">\n\t\t\troot vegetables <mark class=\"count\">(41)<\/mark>\t\t<\/h2>\n\t\t<\/a><\/li>\n<li class=\"product-category product first\">\n\t<a aria-label=\"Visit product category plantes \u00e0 fleurs\" href=\"https:\/\/www.lasocietedesplantes.com\/en\/categorie-produit\/plantes-a-fleurs\/\"><img loading=\"lazy\" decoding=\"async\" src=\"https:\/\/www.lasocietedesplantes.com\/wp-content\/uploads\/2022\/02\/Ipomoea-1-300x400.jpg\" alt=\"flowering plants\" width=\"300\" height=\"400\" \/>\t\t<h2 class=\"woocommerce-loop-category__title\">\n\t\t\tflowering plants <mark class=\"count\">(191)<\/mark>\t\t<\/h2>\n\t\t<\/a><\/li>\n<li class=\"product-category product\">\n\t<a aria-label=\"Visit product category d&#039;autres belles choses\" href=\"https:\/\/www.lasocietedesplantes.com\/en\/categorie-produit\/belles-choses\/\"><img loading=\"lazy\" decoding=\"async\" src=\"https:\/\/www.lasocietedesplantes.com\/wp-content\/uploads\/2022\/02\/AS_sweat3_web-1-300x400.jpg\" alt=\"other beautiful things\" width=\"300\" height=\"400\" \/>\t\t<h2 class=\"woocommerce-loop-category__title\">\n\t\t\tother beautiful things <mark class=\"count\">(30)<\/mark>\t\t<\/h2>\n\t\t<\/a><\/li>\n<\/ul>\n<\/div>\n\n<\/div><\/div>","protected":false},"excerpt":{"rendered":"<p>Dreaming of a vegetable garden. Digging through catalogs. Imagining hands in the soil. Dreaming of watching nature organize itself. Harvesting. Savor<\/p>","protected":false},"author":2,"featured_media":32032,"parent":0,"menu_order":0,"comment_status":"closed","ping_status":"closed","template":"","meta":{"footnotes":""},"class_list":["post-31709","page","type-page","status-publish","has-post-thumbnail"],"yoast_head":"<!-- This site is optimized with the Yoast SEO plugin v27.5 - https:\/\/yoast.com\/product\/yoast-seo-wordpress\/ -->\n<title>Boutique - LA SOCI\u00c9T\u00c9 DES PLANTES<\/title>\n<meta name=\"description\" content=\"Une collection in\u00e9dite de semences certifi\u00e9es biologiques. Un catalogue qui vous inspira le jardinage et la d\u00e9couverte de produits gourmands.\" \/>\n<meta name=\"robots\" content=\"index, follow, max-snippet:-1, max-image-preview:large, max-video-preview:-1\" \/>\n<link rel=\"canonical\" href=\"https:\/\/www.lasocietedesplantes.com\/en\/store\/\" \/>\n<meta property=\"og:locale\" content=\"en_US\" \/>\n<meta property=\"og:type\" content=\"article\" \/>\n<meta property=\"og:title\" content=\"Boutique - LA SOCI\u00c9T\u00c9 DES PLANTES\" \/>\n<meta property=\"og:description\" content=\"Une collection in\u00e9dite de semences certifi\u00e9es biologiques. Un catalogue qui vous inspira le jardinage et la d\u00e9couverte de produits gourmands.\" \/>\n<meta property=\"og:url\" content=\"https:\/\/www.lasocietedesplantes.com\/en\/store\/\" \/>\n<meta property=\"og:site_name\" content=\"LA SOCI\u00c9T\u00c9 DES PLANTES\" \/>\n<meta property=\"article:publisher\" content=\"https:\/\/www.facebook.com\/LA-SOCI%c3%89T%c3%89-DES-PLANTES-100844866638607\/\" \/>\n<meta property=\"article:modified_time\" content=\"2022-06-30T15:24:01+00:00\" \/>\n<meta property=\"og:image\" content=\"https:\/\/www.lasocietedesplantes.com\/wp-content\/uploads\/2022\/04\/web_Plan-de-travail-1-copie.png\" \/>\n\t<meta property=\"og:image:width\" content=\"1200\" \/>\n\t<meta property=\"og:image:height\" content=\"350\" \/>\n\t<meta property=\"og:image:type\" content=\"image\/png\" \/>\n<meta name=\"twitter:card\" content=\"summary_large_image\" \/>\n<meta name=\"twitter:label1\" content=\"Est. reading time\" \/>\n\t<meta name=\"twitter:data1\" content=\"1 minute\" \/>\n<script type=\"application\/ld+json\" class=\"yoast-schema-graph\">{\"@context\":\"https:\\\/\\\/schema.org\",\"@graph\":[{\"@type\":\"WebPage\",\"@id\":\"https:\\\/\\\/www.lasocietedesplantes.com\\\/boutique\\\/\",\"url\":\"https:\\\/\\\/www.lasocietedesplantes.com\\\/boutique\\\/\",\"name\":\"Boutique - LA SOCI\u00c9T\u00c9 DES PLANTES\",\"isPartOf\":{\"@id\":\"https:\\\/\\\/www.lasocietedesplantes.com\\\/#website\"},\"primaryImageOfPage\":{\"@id\":\"https:\\\/\\\/www.lasocietedesplantes.com\\\/boutique\\\/#primaryimage\"},\"image\":{\"@id\":\"https:\\\/\\\/www.lasocietedesplantes.com\\\/boutique\\\/#primaryimage\"},\"thumbnailUrl\":\"https:\\\/\\\/www.lasocietedesplantes.com\\\/wp-content\\\/uploads\\\/2022\\\/04\\\/web_Plan-de-travail-1-copie.png\",\"datePublished\":\"2022-02-09T00:07:03+00:00\",\"dateModified\":\"2022-06-30T15:24:01+00:00\",\"description\":\"Une collection in\u00e9dite de semences certifi\u00e9es biologiques. Un catalogue qui vous inspira le jardinage et la d\u00e9couverte de produits gourmands.\",\"breadcrumb\":{\"@id\":\"https:\\\/\\\/www.lasocietedesplantes.com\\\/boutique\\\/#breadcrumb\"},\"inLanguage\":\"en-CA\",\"potentialAction\":[{\"@type\":\"ReadAction\",\"target\":[\"https:\\\/\\\/www.lasocietedesplantes.com\\\/boutique\\\/\"]}]},{\"@type\":\"ImageObject\",\"inLanguage\":\"en-CA\",\"@id\":\"https:\\\/\\\/www.lasocietedesplantes.com\\\/boutique\\\/#primaryimage\",\"url\":\"https:\\\/\\\/www.lasocietedesplantes.com\\\/wp-content\\\/uploads\\\/2022\\\/04\\\/web_Plan-de-travail-1-copie.png\",\"contentUrl\":\"https:\\\/\\\/www.lasocietedesplantes.com\\\/wp-content\\\/uploads\\\/2022\\\/04\\\/web_Plan-de-travail-1-copie.png\",\"width\":1200,\"height\":350},{\"@type\":\"BreadcrumbList\",\"@id\":\"https:\\\/\\\/www.lasocietedesplantes.com\\\/boutique\\\/#breadcrumb\",\"itemListElement\":[{\"@type\":\"ListItem\",\"position\":1,\"name\":\"Home\",\"item\":\"https:\\\/\\\/www.lasocietedesplantes.com\\\/\"},{\"@type\":\"ListItem\",\"position\":2,\"name\":\"Boutique\"}]},{\"@type\":\"WebSite\",\"@id\":\"https:\\\/\\\/www.lasocietedesplantes.com\\\/#website\",\"url\":\"https:\\\/\\\/www.lasocietedesplantes.com\\\/\",\"name\":\"LA SOCI\u00c9T\u00c9 DES PLANTES\",\"description\":\"Semences de vari\u00e9t\u00e9s utiles et agr\u00e9ables\",\"publisher\":{\"@id\":\"https:\\\/\\\/www.lasocietedesplantes.com\\\/#organization\"},\"potentialAction\":[{\"@type\":\"SearchAction\",\"target\":{\"@type\":\"EntryPoint\",\"urlTemplate\":\"https:\\\/\\\/www.lasocietedesplantes.com\\\/?s={search_term_string}\"},\"query-input\":{\"@type\":\"PropertyValueSpecification\",\"valueRequired\":true,\"valueName\":\"search_term_string\"}}],\"inLanguage\":\"en-CA\"},{\"@type\":\"Organization\",\"@id\":\"https:\\\/\\\/www.lasocietedesplantes.com\\\/#organization\",\"name\":\"La soci\u00e9t\u00e9 des plantes\",\"url\":\"https:\\\/\\\/www.lasocietedesplantes.com\\\/\",\"logo\":{\"@type\":\"ImageObject\",\"inLanguage\":\"en-CA\",\"@id\":\"https:\\\/\\\/www.lasocietedesplantes.com\\\/#\\\/schema\\\/logo\\\/image\\\/\",\"url\":\"https:\\\/\\\/www.lasocietedesplantes.com\\\/wp-content\\\/uploads\\\/2022\\\/02\\\/la-societe-des-plantes-logo-mobile.png\",\"contentUrl\":\"https:\\\/\\\/www.lasocietedesplantes.com\\\/wp-content\\\/uploads\\\/2022\\\/02\\\/la-societe-des-plantes-logo-mobile.png\",\"width\":800,\"height\":313,\"caption\":\"La soci\u00e9t\u00e9 des plantes\"},\"image\":{\"@id\":\"https:\\\/\\\/www.lasocietedesplantes.com\\\/#\\\/schema\\\/logo\\\/image\\\/\"},\"sameAs\":[\"https:\\\/\\\/www.facebook.com\\\/LA-SOCI\u00c9T\u00c9-DES-PLANTES-100844866638607\\\/\",\"https:\\\/\\\/www.instagram.com\\\/la_societe_des_plantes\\\/\"]}]}<\/script>\n<!-- \/ Yoast SEO plugin. -->","yoast_head_json":{"title":"Store - LA SOCI\u00c9T\u00c9 DES PLANTES","description":"An original collection of certified organic seeds. A catalog that will inspire you to garden and discover gourmet products.","robots":{"index":"index","follow":"follow","max-snippet":"max-snippet:-1","max-image-preview":"max-image-preview:large","max-video-preview":"max-video-preview:-1"},"canonical":"https:\/\/www.lasocietedesplantes.com\/en\/store\/","og_locale":"en_US","og_type":"article","og_title":"Boutique - LA SOCI\u00c9T\u00c9 DES PLANTES","og_description":"Une collection in\u00e9dite de semences certifi\u00e9es biologiques. Un catalogue qui vous inspira le jardinage et la d\u00e9couverte de produits gourmands.","og_url":"https:\/\/www.lasocietedesplantes.com\/en\/store\/","og_site_name":"LA SOCI\u00c9T\u00c9 DES PLANTES","article_publisher":"https:\/\/www.facebook.com\/LA-SOCI%c3%89T%c3%89-DES-PLANTES-100844866638607\/","article_modified_time":"2022-06-30T15:24:01+00:00","og_image":[{"width":1200,"height":350,"url":"https:\/\/www.lasocietedesplantes.com\/wp-content\/uploads\/2022\/04\/web_Plan-de-travail-1-copie.png","type":"image\/png"}],"twitter_card":"summary_large_image","twitter_misc":{"Est. reading time":"1 minute"},"schema":{"@context":"https:\/\/schema.org","@graph":[{"@type":"WebPage","@id":"https:\/\/www.lasocietedesplantes.com\/boutique\/","url":"https:\/\/www.lasocietedesplantes.com\/boutique\/","name":"Store - LA SOCI\u00c9T\u00c9 DES PLANTES","isPartOf":{"@id":"https:\/\/www.lasocietedesplantes.com\/#website"},"primaryImageOfPage":{"@id":"https:\/\/www.lasocietedesplantes.com\/boutique\/#primaryimage"},"image":{"@id":"https:\/\/www.lasocietedesplantes.com\/boutique\/#primaryimage"},"thumbnailUrl":"https:\/\/www.lasocietedesplantes.com\/wp-content\/uploads\/2022\/04\/web_Plan-de-travail-1-copie.png","datePublished":"2022-02-09T00:07:03+00:00","dateModified":"2022-06-30T15:24:01+00:00","description":"An original collection of certified organic seeds. A catalog that will inspire you to garden and discover gourmet products.","breadcrumb":{"@id":"https:\/\/www.lasocietedesplantes.com\/boutique\/#breadcrumb"},"inLanguage":"en-CA","potentialAction":[{"@type":"ReadAction","target":["https:\/\/www.lasocietedesplantes.com\/boutique\/"]}]},{"@type":"ImageObject","inLanguage":"en-CA","@id":"https:\/\/www.lasocietedesplantes.com\/boutique\/#primaryimage","url":"https:\/\/www.lasocietedesplantes.com\/wp-content\/uploads\/2022\/04\/web_Plan-de-travail-1-copie.png","contentUrl":"https:\/\/www.lasocietedesplantes.com\/wp-content\/uploads\/2022\/04\/web_Plan-de-travail-1-copie.png","width":1200,"height":350},{"@type":"BreadcrumbList","@id":"https:\/\/www.lasocietedesplantes.com\/boutique\/#breadcrumb","itemListElement":[{"@type":"ListItem","position":1,"name":"Home","item":"https:\/\/www.lasocietedesplantes.com\/"},{"@type":"ListItem","position":2,"name":"Boutique"}]},{"@type":"WebSite","@id":"https:\/\/www.lasocietedesplantes.com\/#website","url":"https:\/\/www.lasocietedesplantes.com\/","name":"THE PLANT COMPANY","description":"Seeds of useful and pleasant varieties","publisher":{"@id":"https:\/\/www.lasocietedesplantes.com\/#organization"},"potentialAction":[{"@type":"SearchAction","target":{"@type":"EntryPoint","urlTemplate":"https:\/\/www.lasocietedesplantes.com\/?s={search_term_string}"},"query-input":{"@type":"PropertyValueSpecification","valueRequired":true,"valueName":"search_term_string"}}],"inLanguage":"en-CA"},{"@type":"Organization","@id":"https:\/\/www.lasocietedesplantes.com\/#organization","name":"The plant company","url":"https:\/\/www.lasocietedesplantes.com\/","logo":{"@type":"ImageObject","inLanguage":"en-CA","@id":"https:\/\/www.lasocietedesplantes.com\/#\/schema\/logo\/image\/","url":"https:\/\/www.lasocietedesplantes.com\/wp-content\/uploads\/2022\/02\/la-societe-des-plantes-logo-mobile.png","contentUrl":"https:\/\/www.lasocietedesplantes.com\/wp-content\/uploads\/2022\/02\/la-societe-des-plantes-logo-mobile.png","width":800,"height":313,"caption":"La soci\u00e9t\u00e9 des plantes"},"image":{"@id":"https:\/\/www.lasocietedesplantes.com\/#\/schema\/logo\/image\/"},"sameAs":["https:\/\/www.facebook.com\/LA-SOCI\u00c9T\u00c9-DES-PLANTES-100844866638607\/","https:\/\/www.instagram.com\/la_societe_des_plantes\/"]}]}},"_links":{"self":[{"href":"https:\/\/www.lasocietedesplantes.com\/en\/wp-json\/wp\/v2\/pages\/31709","targetHints":{"allow":["GET"]}}],"collection":[{"href":"https:\/\/www.lasocietedesplantes.com\/en\/wp-json\/wp\/v2\/pages"}],"about":[{"href":"https:\/\/www.lasocietedesplantes.com\/en\/wp-json\/wp\/v2\/types\/page"}],"author":[{"embeddable":true,"href":"https:\/\/www.lasocietedesplantes.com\/en\/wp-json\/wp\/v2\/users\/2"}],"replies":[{"embeddable":true,"href":"https:\/\/www.lasocietedesplantes.com\/en\/wp-json\/wp\/v2\/comments?post=31709"}],"version-history":[{"count":2,"href":"https:\/\/www.lasocietedesplantes.com\/en\/wp-json\/wp\/v2\/pages\/31709\/revisions"}],"predecessor-version":[{"id":57744,"href":"https:\/\/www.lasocietedesplantes.com\/en\/wp-json\/wp\/v2\/pages\/31709\/revisions\/57744"}],"wp:featuredmedia":[{"embeddable":true,"href":"https:\/\/www.lasocietedesplantes.com\/en\/wp-json\/wp\/v2\/media\/32032"}],"wp:attachment":[{"href":"https:\/\/www.lasocietedesplantes.com\/en\/wp-json\/wp\/v2\/media?parent=31709"}],"curies":[{"name":"wp","href":"https:\/\/api.w.org\/{rel}","templated":true}]}}