{"id":3585,"date":"2021-01-30T18:58:12","date_gmt":"2021-01-30T23:58:12","guid":{"rendered":"https:\/\/gpsites.co\/shop\/my-account\/"},"modified":"2022-04-20T12:53:29","modified_gmt":"2022-04-20T16:53:29","slug":"my-account","status":"publish","type":"page","link":"https:\/\/www.lasocietedesplantes.com\/en\/mon-compte\/","title":{"rendered":"My account"},"content":{"rendered":"<div class=\"woocommerce\"><\/div>","protected":false},"excerpt":{"rendered":"","protected":false},"author":1,"featured_media":32031,"parent":0,"menu_order":0,"comment_status":"closed","ping_status":"closed","template":"","meta":{"footnotes":""},"class_list":["post-3585","page","type-page","status-publish","has-post-thumbnail"],"yoast_head":"<!-- This site is optimized with the Yoast SEO plugin v27.5 - https:\/\/yoast.com\/product\/yoast-seo-wordpress\/ -->\n<title>Mon compte - LA SOCI\u00c9T\u00c9 DES PLANTES<\/title>\n<meta name=\"robots\" content=\"index, follow, max-snippet:-1, max-image-preview:large, max-video-preview:-1\" \/>\n<link rel=\"canonical\" href=\"https:\/\/www.lasocietedesplantes.com\/en\/my-account\/\" \/>\n<meta property=\"og:locale\" content=\"en_US\" \/>\n<meta property=\"og:type\" content=\"article\" \/>\n<meta property=\"og:title\" content=\"Mon compte - LA SOCI\u00c9T\u00c9 DES PLANTES\" \/>\n<meta property=\"og:url\" content=\"https:\/\/www.lasocietedesplantes.com\/en\/my-account\/\" \/>\n<meta property=\"og:site_name\" content=\"LA SOCI\u00c9T\u00c9 DES PLANTES\" \/>\n<meta property=\"article:publisher\" content=\"https:\/\/www.facebook.com\/LA-SOCI%c3%89T%c3%89-DES-PLANTES-100844866638607\/\" \/>\n<meta property=\"article:modified_time\" content=\"2022-04-20T16:53:29+00:00\" \/>\n<meta property=\"og:image\" content=\"https:\/\/www.lasocietedesplantes.com\/wp-content\/uploads\/2022\/04\/web_Plan-de-travail-1-copie-16.png\" \/>\n\t<meta property=\"og:image:width\" content=\"1200\" \/>\n\t<meta property=\"og:image:height\" content=\"350\" \/>\n\t<meta property=\"og:image:type\" content=\"image\/png\" \/>\n<meta name=\"twitter:card\" content=\"summary_large_image\" \/>\n<script type=\"application\/ld+json\" class=\"yoast-schema-graph\">{\"@context\":\"https:\\\/\\\/schema.org\",\"@graph\":[{\"@type\":\"WebPage\",\"@id\":\"https:\\\/\\\/www.lasocietedesplantes.com\\\/mon-compte\\\/\",\"url\":\"https:\\\/\\\/www.lasocietedesplantes.com\\\/mon-compte\\\/\",\"name\":\"Mon compte - LA SOCI\u00c9T\u00c9 DES PLANTES\",\"isPartOf\":{\"@id\":\"https:\\\/\\\/www.lasocietedesplantes.com\\\/#website\"},\"primaryImageOfPage\":{\"@id\":\"https:\\\/\\\/www.lasocietedesplantes.com\\\/mon-compte\\\/#primaryimage\"},\"image\":{\"@id\":\"https:\\\/\\\/www.lasocietedesplantes.com\\\/mon-compte\\\/#primaryimage\"},\"thumbnailUrl\":\"https:\\\/\\\/www.lasocietedesplantes.com\\\/wp-content\\\/uploads\\\/2022\\\/04\\\/web_Plan-de-travail-1-copie-16.png\",\"datePublished\":\"2021-01-30T23:58:12+00:00\",\"dateModified\":\"2022-04-20T16:53:29+00:00\",\"breadcrumb\":{\"@id\":\"https:\\\/\\\/www.lasocietedesplantes.com\\\/mon-compte\\\/#breadcrumb\"},\"inLanguage\":\"en-CA\",\"potentialAction\":[{\"@type\":\"ReadAction\",\"target\":[\"https:\\\/\\\/www.lasocietedesplantes.com\\\/mon-compte\\\/\"]}]},{\"@type\":\"ImageObject\",\"inLanguage\":\"en-CA\",\"@id\":\"https:\\\/\\\/www.lasocietedesplantes.com\\\/mon-compte\\\/#primaryimage\",\"url\":\"https:\\\/\\\/www.lasocietedesplantes.com\\\/wp-content\\\/uploads\\\/2022\\\/04\\\/web_Plan-de-travail-1-copie-16.png\",\"contentUrl\":\"https:\\\/\\\/www.lasocietedesplantes.com\\\/wp-content\\\/uploads\\\/2022\\\/04\\\/web_Plan-de-travail-1-copie-16.png\",\"width\":1200,\"height\":350},{\"@type\":\"BreadcrumbList\",\"@id\":\"https:\\\/\\\/www.lasocietedesplantes.com\\\/mon-compte\\\/#breadcrumb\",\"itemListElement\":[{\"@type\":\"ListItem\",\"position\":1,\"name\":\"Home\",\"item\":\"https:\\\/\\\/www.lasocietedesplantes.com\\\/\"},{\"@type\":\"ListItem\",\"position\":2,\"name\":\"Mon compte\"}]},{\"@type\":\"WebSite\",\"@id\":\"https:\\\/\\\/www.lasocietedesplantes.com\\\/#website\",\"url\":\"https:\\\/\\\/www.lasocietedesplantes.com\\\/\",\"name\":\"LA SOCI\u00c9T\u00c9 DES PLANTES\",\"description\":\"Semences de vari\u00e9t\u00e9s utiles et agr\u00e9ables\",\"publisher\":{\"@id\":\"https:\\\/\\\/www.lasocietedesplantes.com\\\/#organization\"},\"potentialAction\":[{\"@type\":\"SearchAction\",\"target\":{\"@type\":\"EntryPoint\",\"urlTemplate\":\"https:\\\/\\\/www.lasocietedesplantes.com\\\/?s={search_term_string}\"},\"query-input\":{\"@type\":\"PropertyValueSpecification\",\"valueRequired\":true,\"valueName\":\"search_term_string\"}}],\"inLanguage\":\"en-CA\"},{\"@type\":\"Organization\",\"@id\":\"https:\\\/\\\/www.lasocietedesplantes.com\\\/#organization\",\"name\":\"La soci\u00e9t\u00e9 des plantes\",\"url\":\"https:\\\/\\\/www.lasocietedesplantes.com\\\/\",\"logo\":{\"@type\":\"ImageObject\",\"inLanguage\":\"en-CA\",\"@id\":\"https:\\\/\\\/www.lasocietedesplantes.com\\\/#\\\/schema\\\/logo\\\/image\\\/\",\"url\":\"https:\\\/\\\/www.lasocietedesplantes.com\\\/wp-content\\\/uploads\\\/2022\\\/02\\\/la-societe-des-plantes-logo-mobile.png\",\"contentUrl\":\"https:\\\/\\\/www.lasocietedesplantes.com\\\/wp-content\\\/uploads\\\/2022\\\/02\\\/la-societe-des-plantes-logo-mobile.png\",\"width\":800,\"height\":313,\"caption\":\"La soci\u00e9t\u00e9 des plantes\"},\"image\":{\"@id\":\"https:\\\/\\\/www.lasocietedesplantes.com\\\/#\\\/schema\\\/logo\\\/image\\\/\"},\"sameAs\":[\"https:\\\/\\\/www.facebook.com\\\/LA-SOCI\u00c9T\u00c9-DES-PLANTES-100844866638607\\\/\",\"https:\\\/\\\/www.instagram.com\\\/la_societe_des_plantes\\\/\"]}]}<\/script>\n<!-- \/ Yoast SEO plugin. -->","yoast_head_json":{"title":"My account - LA SOCI\u00c9T\u00c9 DES PLANTES","robots":{"index":"index","follow":"follow","max-snippet":"max-snippet:-1","max-image-preview":"max-image-preview:large","max-video-preview":"max-video-preview:-1"},"canonical":"https:\/\/www.lasocietedesplantes.com\/en\/my-account\/","og_locale":"en_US","og_type":"article","og_title":"Mon compte - LA SOCI\u00c9T\u00c9 DES PLANTES","og_url":"https:\/\/www.lasocietedesplantes.com\/en\/my-account\/","og_site_name":"LA SOCI\u00c9T\u00c9 DES PLANTES","article_publisher":"https:\/\/www.facebook.com\/LA-SOCI%c3%89T%c3%89-DES-PLANTES-100844866638607\/","article_modified_time":"2022-04-20T16:53:29+00:00","og_image":[{"width":1200,"height":350,"url":"https:\/\/www.lasocietedesplantes.com\/wp-content\/uploads\/2022\/04\/web_Plan-de-travail-1-copie-16.png","type":"image\/png"}],"twitter_card":"summary_large_image","schema":{"@context":"https:\/\/schema.org","@graph":[{"@type":"WebPage","@id":"https:\/\/www.lasocietedesplantes.com\/mon-compte\/","url":"https:\/\/www.lasocietedesplantes.com\/mon-compte\/","name":"My account - LA SOCI\u00c9T\u00c9 DES PLANTES","isPartOf":{"@id":"https:\/\/www.lasocietedesplantes.com\/#website"},"primaryImageOfPage":{"@id":"https:\/\/www.lasocietedesplantes.com\/mon-compte\/#primaryimage"},"image":{"@id":"https:\/\/www.lasocietedesplantes.com\/mon-compte\/#primaryimage"},"thumbnailUrl":"https:\/\/www.lasocietedesplantes.com\/wp-content\/uploads\/2022\/04\/web_Plan-de-travail-1-copie-16.png","datePublished":"2021-01-30T23:58:12+00:00","dateModified":"2022-04-20T16:53:29+00:00","breadcrumb":{"@id":"https:\/\/www.lasocietedesplantes.com\/mon-compte\/#breadcrumb"},"inLanguage":"en-CA","potentialAction":[{"@type":"ReadAction","target":["https:\/\/www.lasocietedesplantes.com\/mon-compte\/"]}]},{"@type":"ImageObject","inLanguage":"en-CA","@id":"https:\/\/www.lasocietedesplantes.com\/mon-compte\/#primaryimage","url":"https:\/\/www.lasocietedesplantes.com\/wp-content\/uploads\/2022\/04\/web_Plan-de-travail-1-copie-16.png","contentUrl":"https:\/\/www.lasocietedesplantes.com\/wp-content\/uploads\/2022\/04\/web_Plan-de-travail-1-copie-16.png","width":1200,"height":350},{"@type":"BreadcrumbList","@id":"https:\/\/www.lasocietedesplantes.com\/mon-compte\/#breadcrumb","itemListElement":[{"@type":"ListItem","position":1,"name":"Home","item":"https:\/\/www.lasocietedesplantes.com\/"},{"@type":"ListItem","position":2,"name":"Mon compte"}]},{"@type":"WebSite","@id":"https:\/\/www.lasocietedesplantes.com\/#website","url":"https:\/\/www.lasocietedesplantes.com\/","name":"THE PLANT COMPANY","description":"Seeds of useful and pleasant varieties","publisher":{"@id":"https:\/\/www.lasocietedesplantes.com\/#organization"},"potentialAction":[{"@type":"SearchAction","target":{"@type":"EntryPoint","urlTemplate":"https:\/\/www.lasocietedesplantes.com\/?s={search_term_string}"},"query-input":{"@type":"PropertyValueSpecification","valueRequired":true,"valueName":"search_term_string"}}],"inLanguage":"en-CA"},{"@type":"Organization","@id":"https:\/\/www.lasocietedesplantes.com\/#organization","name":"The plant company","url":"https:\/\/www.lasocietedesplantes.com\/","logo":{"@type":"ImageObject","inLanguage":"en-CA","@id":"https:\/\/www.lasocietedesplantes.com\/#\/schema\/logo\/image\/","url":"https:\/\/www.lasocietedesplantes.com\/wp-content\/uploads\/2022\/02\/la-societe-des-plantes-logo-mobile.png","contentUrl":"https:\/\/www.lasocietedesplantes.com\/wp-content\/uploads\/2022\/02\/la-societe-des-plantes-logo-mobile.png","width":800,"height":313,"caption":"La soci\u00e9t\u00e9 des plantes"},"image":{"@id":"https:\/\/www.lasocietedesplantes.com\/#\/schema\/logo\/image\/"},"sameAs":["https:\/\/www.facebook.com\/LA-SOCI\u00c9T\u00c9-DES-PLANTES-100844866638607\/","https:\/\/www.instagram.com\/la_societe_des_plantes\/"]}]}},"_links":{"self":[{"href":"https:\/\/www.lasocietedesplantes.com\/en\/wp-json\/wp\/v2\/pages\/3585","targetHints":{"allow":["GET"]}}],"collection":[{"href":"https:\/\/www.lasocietedesplantes.com\/en\/wp-json\/wp\/v2\/pages"}],"about":[{"href":"https:\/\/www.lasocietedesplantes.com\/en\/wp-json\/wp\/v2\/types\/page"}],"author":[{"embeddable":true,"href":"https:\/\/www.lasocietedesplantes.com\/en\/wp-json\/wp\/v2\/users\/1"}],"replies":[{"embeddable":true,"href":"https:\/\/www.lasocietedesplantes.com\/en\/wp-json\/wp\/v2\/comments?post=3585"}],"version-history":[{"count":0,"href":"https:\/\/www.lasocietedesplantes.com\/en\/wp-json\/wp\/v2\/pages\/3585\/revisions"}],"wp:featuredmedia":[{"embeddable":true,"href":"https:\/\/www.lasocietedesplantes.com\/en\/wp-json\/wp\/v2\/media\/32031"}],"wp:attachment":[{"href":"https:\/\/www.lasocietedesplantes.com\/en\/wp-json\/wp\/v2\/media?parent=3585"}],"curies":[{"name":"wp","href":"https:\/\/api.w.org\/{rel}","templated":true}]}}