{"id":3591,"date":"2021-01-30T19:30:21","date_gmt":"2021-01-31T00:30:21","guid":{"rendered":"https:\/\/gpsites.co\/shop\/?page_id=3591"},"modified":"2023-06-09T09:53:49","modified_gmt":"2023-06-09T13:53:49","slug":"publication","status":"publish","type":"page","link":"https:\/\/www.lasocietedesplantes.com\/en\/publication\/","title":{"rendered":"Publications"},"content":{"rendered":"\n<div class=\"wp-block-columns is-layout-flex wp-container-core-columns-is-layout-9d6595d7 wp-block-columns-is-layout-flex\">\n<div class=\"wp-block-column is-layout-flow wp-block-column-is-layout-flow\" style=\"flex-basis:100%\"><\/div>\n<\/div>\n\n\n\n<div class=\"wp-block-columns is-layout-flex wp-container-core-columns-is-layout-9d6595d7 wp-block-columns-is-layout-flex\">\n<div class=\"wp-block-column is-layout-flow wp-block-column-is-layout-flow\"><div data-block-name=\"woocommerce\/handpicked-products\" data-columns=\"1\" data-products=\"[49973]\" class=\"wc-block-grid wp-block-handpicked-products wp-block-woocommerce-handpicked-products wc-block-handpicked-products has-1-columns has-multiple-rows\"><ul class=\"wc-block-grid__products\"><li class=\"wc-block-grid__product\">\n\t\t\t\t<a href=\"https:\/\/www.lasocietedesplantes.com\/en\/produits\/zine-mi-sauvage-les-adventices\/\" class=\"wc-block-grid__product-link\">\n\t\t\t\t\t\n\t\t\t\t\t<div class=\"wc-block-grid__product-image\"><img loading=\"lazy\" decoding=\"async\" width=\"300\" height=\"400\" src=\"https:\/\/www.lasocietedesplantes.com\/wp-content\/uploads\/2022\/07\/mi_sauvage_web_1-300x400.jpg\" class=\"attachment-woocommerce_thumbnail size-woocommerce_thumbnail\" alt=\"zine MI-SAUVAGE: Les adventices\" \/><\/div>\n\t\t\t\t\t<div class=\"wc-block-grid__product-title\">zine MI-SAUVAGE: Les adventices<\/div>\n\t\t\t\t<\/a>\n\t\t\t\t<div class=\"wc-block-grid__product-price price\"><span class=\"woocommerce-Price-amount amount\"><span class=\"woocommerce-Price-currencySymbol\">&#036;<\/span>15.00<\/span><\/div>\n\t\t\t\t\n\t\t\t\t<div class=\"wp-block-button wc-block-grid__product-add-to-cart\"><a href=\"\/en\/wp-json\/wp\/v2\/pages\/3591?add-to-cart=49973\" aria-label=\"Add to cart: &ldquo;zine MI-SAUVAGE: Les adventices&rdquo;\" data-quantity=\"1\" data-product_id=\"49973\" data-product_sku=\"\" data-price=\"15\" rel=\"nofollow\" class=\"wp-block-button__link  add_to_cart_button ajax_add_to_cart\">Add to cart<\/a><\/div>\n\t\t\t<\/li><\/ul><\/div><\/div>\n\n\n\n<div class=\"wp-block-column is-layout-flow wp-block-column-is-layout-flow\">\n<h2 class=\"wp-block-heading\">ZINE MI-SAUVAGE<\/h2>\n\n\n\n<p>Tout comme pour notre exposition MI-SAUVAGE au Centre d&rsquo;art de Kamouraska (2022), le Zine a pour sujet les adventices&nbsp;: des plantes qui se propagent d\u2019elles-m\u00eames, sans l\u2019aide des humains. Parfois elles sont d\u00e9j\u00e0 pr\u00e9sentes dans le jardin, mais on les rel\u00e8gue au rang des mauvaises herbes; d\u2019autres fois on les introduit, mais elles ne se comportent pas de la fa\u00e7on dont on pensait.&nbsp;Dans les meilleurs cas, les adventices&nbsp;choisies offrent plusieurs parties d\u2019elles-m\u00eames et&nbsp;nourrissent tant la cuisine de tous les jours, la&nbsp;confiserie et la distillerie que la m\u00e9decine populaire,&nbsp;et peuvent en parall\u00e8le jouer un r\u00f4le avec les autres&nbsp;plantes du jardin, en tant que rem\u00e8de horticole ou encore&nbsp;en \u00e9tant l\u2019h\u00f4te d\u2019insectes b\u00e9n\u00e9fiques. Entrevues, \u00e9changes avec jardiniers adeptes de plantes&nbsp;spontan\u00e9es, recettes, po\u00e9sie!<\/p>\n\n\n\n<p><\/p>\n<\/div>\n<\/div>\n\n\n\n<h2 class=\"wp-block-heading\">Publications disponibles pour achat en ligne ou en boutique.<\/h2>\n\n\n<div data-block-name=\"woocommerce\/product-category\" data-categories=\"[330]\" class=\"wc-block-grid wp-block-product-category wp-block-woocommerce-product-category wc-block-product-category has-3-columns has-multiple-rows\"><ul class=\"wc-block-grid__products\"><li class=\"wc-block-grid__product\">\n\t\t\t\t<a href=\"https:\/\/www.lasocietedesplantes.com\/en\/produits\/livre-le-festin-quotidien\/\" class=\"wc-block-grid__product-link\">\n\t\t\t\t\t\n\t\t\t\t\t<div class=\"wc-block-grid__product-image\"><img loading=\"lazy\" decoding=\"async\" width=\"300\" height=\"400\" src=\"https:\/\/www.lasocietedesplantes.com\/wp-content\/uploads\/2023\/03\/festin-quoitidien-page-1-1-scaled-e1678289294895-300x400.jpeg\" class=\"attachment-woocommerce_thumbnail size-woocommerce_thumbnail\" alt=\"Couverture du livre Le festin quotidien d&#039;Yves Gagnon\" \/><\/div>\n\t\t\t\t\t<div class=\"wc-block-grid__product-title\">livre &#8211; Le festin quotidien<\/div>\n\t\t\t\t<\/a>\n\t\t\t\t<div class=\"wc-block-grid__product-price price\"><span class=\"woocommerce-Price-amount amount\"><span class=\"woocommerce-Price-currencySymbol\">&#036;<\/span>29.95<\/span><\/div>\n\t\t\t\t\n\t\t\t\t<div class=\"wp-block-button wc-block-grid__product-add-to-cart\"><a href=\"\/en\/wp-json\/wp\/v2\/pages\/3591?add-to-cart=54151\" aria-label=\"Add to cart: &ldquo;livre - Le festin quotidien&rdquo;\" data-quantity=\"1\" data-product_id=\"54151\" data-product_sku=\"\" data-price=\"29.95\" rel=\"nofollow\" class=\"wp-block-button__link  add_to_cart_button ajax_add_to_cart\">Add to cart<\/a><\/div>\n\t\t\t<\/li><li class=\"wc-block-grid__product\">\n\t\t\t\t<a href=\"https:\/\/www.lasocietedesplantes.com\/en\/produits\/livre-la-culture-ecologique-des-plantes-legumieres\/\" class=\"wc-block-grid__product-link\">\n\t\t\t\t\t\n\t\t\t\t\t<div class=\"wc-block-grid__product-image\"><img loading=\"lazy\" decoding=\"async\" width=\"300\" height=\"400\" src=\"https:\/\/www.lasocietedesplantes.com\/wp-content\/uploads\/2023\/03\/la-culture-ecologique-desplantes-legumieres-page-1-jpg-1-300x400.jpeg\" class=\"attachment-woocommerce_thumbnail size-woocommerce_thumbnail\" alt=\"Couverture du livre La culture \u00e9cologique des plantes l\u00e9gumi\u00e8res d&#039;Yves Gagnon\" \/><\/div>\n\t\t\t\t\t<div class=\"wc-block-grid__product-title\">livre &#8211; La culture \u00e9cologique des plantes l\u00e9gumi\u00e8res<\/div>\n\t\t\t\t<\/a>\n\t\t\t\t<div class=\"wc-block-grid__product-price price\"><span class=\"woocommerce-Price-amount amount\"><span class=\"woocommerce-Price-currencySymbol\">&#036;<\/span>39.95<\/span><\/div>\n\t\t\t\t\n\t\t\t\t<div class=\"wp-block-button wc-block-grid__product-add-to-cart\"><a href=\"\/en\/wp-json\/wp\/v2\/pages\/3591?add-to-cart=54147\" aria-label=\"Add to cart: &ldquo;livre - La culture \u00e9cologique des plantes l\u00e9gumi\u00e8res&rdquo;\" data-quantity=\"1\" data-product_id=\"54147\" data-product_sku=\"\" data-price=\"39.95\" rel=\"nofollow\" class=\"wp-block-button__link  add_to_cart_button ajax_add_to_cart\">Add to cart<\/a><\/div>\n\t\t\t<\/li><li class=\"wc-block-grid__product\">\n\t\t\t\t<a href=\"https:\/\/www.lasocietedesplantes.com\/en\/produits\/livre-le-jardin-ecologique\/\" class=\"wc-block-grid__product-link\">\n\t\t\t\t\t\n\t\t\t\t\t<div class=\"wc-block-grid__product-image\"><img loading=\"lazy\" decoding=\"async\" width=\"300\" height=\"400\" src=\"https:\/\/www.lasocietedesplantes.com\/wp-content\/uploads\/2023\/03\/lejardin-300x400.jpeg\" class=\"attachment-woocommerce_thumbnail size-woocommerce_thumbnail\" alt=\"Couverture du livre Le jardin \u00e9cologique d&#039;Yves Gagnon\" srcset=\"https:\/\/www.lasocietedesplantes.com\/wp-content\/uploads\/2023\/03\/lejardin-300x400.jpeg 300w, https:\/\/www.lasocietedesplantes.com\/wp-content\/uploads\/2023\/03\/lejardin-400x532.jpeg 400w, https:\/\/www.lasocietedesplantes.com\/wp-content\/uploads\/2023\/03\/lejardin-226x300.jpeg 226w, https:\/\/www.lasocietedesplantes.com\/wp-content\/uploads\/2023\/03\/lejardin.jpeg 677w\" sizes=\"auto, (max-width: 300px) 100vw, 300px\" \/><\/div>\n\t\t\t\t\t<div class=\"wc-block-grid__product-title\">livre &#8211; Le jardin \u00e9cologique<\/div>\n\t\t\t\t<\/a>\n\t\t\t\t<div class=\"wc-block-grid__product-price price\"><span class=\"woocommerce-Price-amount amount\"><span class=\"woocommerce-Price-currencySymbol\">&#036;<\/span>29.95<\/span><\/div>\n\t\t\t\t\n\t\t\t\t<div class=\"wp-block-button wc-block-grid__product-add-to-cart\"><a href=\"\/en\/wp-json\/wp\/v2\/pages\/3591?add-to-cart=54144\" aria-label=\"Add to cart: &ldquo;livre - Le jardin \u00e9cologique&rdquo;\" data-quantity=\"1\" data-product_id=\"54144\" data-product_sku=\"\" data-price=\"29.95\" rel=\"nofollow\" class=\"wp-block-button__link  add_to_cart_button ajax_add_to_cart\">Add to cart<\/a><\/div>\n\t\t\t<\/li><li class=\"wc-block-grid__product\">\n\t\t\t\t<a href=\"https:\/\/www.lasocietedesplantes.com\/en\/produits\/livre-les-mots-de-la-terre\/\" class=\"wc-block-grid__product-link\">\n\t\t\t\t\t\n\t\t\t\t\t<div class=\"wc-block-grid__product-image\"><img loading=\"lazy\" decoding=\"async\" width=\"300\" height=\"400\" src=\"https:\/\/www.lasocietedesplantes.com\/wp-content\/uploads\/2023\/03\/les-mots-de-la-terre-e1678288081693-300x400.png\" class=\"attachment-woocommerce_thumbnail size-woocommerce_thumbnail\" alt=\"Couverture du livre Les MOTS de la TERRE d&#039;Yves Gagnon\" \/><\/div>\n\t\t\t\t\t<div class=\"wc-block-grid__product-title\">livre &#8211; Les mots de la terre<\/div>\n\t\t\t\t<\/a>\n\t\t\t\t<div class=\"wc-block-grid__product-price price\"><span class=\"woocommerce-Price-amount amount\"><span class=\"woocommerce-Price-currencySymbol\">&#036;<\/span>26.95<\/span><\/div>\n\t\t\t\t\n\t\t\t\t<div class=\"wp-block-button wc-block-grid__product-add-to-cart\"><a href=\"\/en\/wp-json\/wp\/v2\/pages\/3591?add-to-cart=54141\" aria-label=\"Add to cart: &ldquo;livre - Les mots de la terre&rdquo;\" data-quantity=\"1\" data-product_id=\"54141\" data-product_sku=\"\" data-price=\"26.95\" rel=\"nofollow\" class=\"wp-block-button__link  add_to_cart_button ajax_add_to_cart\">Add to cart<\/a><\/div>\n\t\t\t<\/li><li class=\"wc-block-grid__product\">\n\t\t\t\t<a href=\"https:\/\/www.lasocietedesplantes.com\/en\/produits\/livre-40-plantes-medicinales\/\" class=\"wc-block-grid__product-link\">\n\t\t\t\t\t\n\t\t\t\t\t<div class=\"wc-block-grid__product-image\"><img loading=\"lazy\" decoding=\"async\" width=\"300\" height=\"400\" src=\"https:\/\/www.lasocietedesplantes.com\/wp-content\/uploads\/2023\/03\/40plantesmed-scaled-e1678287237797-300x400.jpeg\" class=\"attachment-woocommerce_thumbnail size-woocommerce_thumbnail\" alt=\"Couverture du livre 40 plantes m\u00e9dicinales de Diane Mackay\" \/><\/div>\n\t\t\t\t\t<div class=\"wc-block-grid__product-title\">livre &#8211; 40 plantes m\u00e9dicinales<\/div>\n\t\t\t\t<\/a>\n\t\t\t\t<div class=\"wc-block-grid__product-price price\"><span class=\"woocommerce-Price-amount amount\"><span class=\"woocommerce-Price-currencySymbol\">&#036;<\/span>29.95<\/span><\/div>\n\t\t\t\t\n\t\t\t\t<div class=\"wp-block-button wc-block-grid__product-add-to-cart\"><a href=\"\/en\/wp-json\/wp\/v2\/pages\/3591?add-to-cart=54138\" aria-label=\"Add to cart: &ldquo;livre - 40 plantes m\u00e9dicinales&rdquo;\" data-quantity=\"1\" data-product_id=\"54138\" data-product_sku=\"\" data-price=\"29.95\" rel=\"nofollow\" class=\"wp-block-button__link  add_to_cart_button ajax_add_to_cart\">Add to cart<\/a><\/div>\n\t\t\t<\/li><li class=\"wc-block-grid__product\">\n\t\t\t\t<a href=\"https:\/\/www.lasocietedesplantes.com\/en\/produits\/zine-mi-sauvage-les-adventices\/\" class=\"wc-block-grid__product-link\">\n\t\t\t\t\t\n\t\t\t\t\t<div class=\"wc-block-grid__product-image\"><img loading=\"lazy\" decoding=\"async\" width=\"300\" height=\"400\" src=\"https:\/\/www.lasocietedesplantes.com\/wp-content\/uploads\/2022\/07\/mi_sauvage_web_1-300x400.jpg\" class=\"attachment-woocommerce_thumbnail size-woocommerce_thumbnail\" alt=\"zine MI-SAUVAGE: Les adventices\" \/><\/div>\n\t\t\t\t\t<div class=\"wc-block-grid__product-title\">zine MI-SAUVAGE: Les adventices<\/div>\n\t\t\t\t<\/a>\n\t\t\t\t<div class=\"wc-block-grid__product-price price\"><span class=\"woocommerce-Price-amount amount\"><span class=\"woocommerce-Price-currencySymbol\">&#036;<\/span>15.00<\/span><\/div>\n\t\t\t\t\n\t\t\t\t<div class=\"wp-block-button wc-block-grid__product-add-to-cart\"><a href=\"\/en\/wp-json\/wp\/v2\/pages\/3591?add-to-cart=49973\" aria-label=\"Add to cart: &ldquo;zine MI-SAUVAGE: Les adventices&rdquo;\" data-quantity=\"1\" data-product_id=\"49973\" data-product_sku=\"\" data-price=\"15\" rel=\"nofollow\" class=\"wp-block-button__link  add_to_cart_button ajax_add_to_cart\">Add to cart<\/a><\/div>\n\t\t\t<\/li><\/ul><\/div>","protected":false},"excerpt":{"rendered":"<p>ZINE MI-SAUVAGE As with our exhibition MI-SAUVAGE at the Centre d'art de Kamouraska (2022), the subject of the Zine is weeds: plants, animals and ... <a title=\"Publications\" class=\"read-more\" href=\"https:\/\/www.lasocietedesplantes.com\/en\/publication\/\" aria-label=\"Read more about Publications\">Read more<\/a><\/p>","protected":false},"author":1,"featured_media":32025,"parent":0,"menu_order":0,"comment_status":"closed","ping_status":"closed","template":"","meta":{"footnotes":""},"class_list":["post-3591","page","type-page","status-publish","has-post-thumbnail"],"yoast_head":"<!-- This site is optimized with the Yoast SEO plugin v27.5 - https:\/\/yoast.com\/product\/yoast-seo-wordpress\/ -->\n<title>Publications - LA SOCI\u00c9T\u00c9 DES PLANTES<\/title>\n<meta name=\"robots\" content=\"index, follow, max-snippet:-1, max-image-preview:large, max-video-preview:-1\" \/>\n<link rel=\"canonical\" href=\"https:\/\/www.lasocietedesplantes.com\/en\/publication\/\" \/>\n<meta property=\"og:locale\" content=\"en_US\" \/>\n<meta property=\"og:type\" content=\"article\" \/>\n<meta property=\"og:title\" content=\"Publications - LA SOCI\u00c9T\u00c9 DES PLANTES\" \/>\n<meta property=\"og:description\" content=\"ZINE MI-SAUVAGE Tout comme pour notre exposition MI-SAUVAGE au Centre d&rsquo;art de Kamouraska (2022), le Zine a pour sujet les adventices&nbsp;: des ... Read more\" \/>\n<meta property=\"og:url\" content=\"https:\/\/www.lasocietedesplantes.com\/en\/publication\/\" \/>\n<meta property=\"og:site_name\" content=\"LA SOCI\u00c9T\u00c9 DES PLANTES\" \/>\n<meta property=\"article:publisher\" content=\"https:\/\/www.facebook.com\/LA-SOCI%c3%89T%c3%89-DES-PLANTES-100844866638607\/\" \/>\n<meta property=\"article:modified_time\" content=\"2023-06-09T13:53:49+00:00\" \/>\n<meta property=\"og:image\" content=\"https:\/\/www.lasocietedesplantes.com\/wp-content\/uploads\/2022\/04\/web_Plan-de-travail-1-copie-10.png\" \/>\n\t<meta property=\"og:image:width\" content=\"1200\" \/>\n\t<meta property=\"og:image:height\" content=\"350\" \/>\n\t<meta property=\"og:image:type\" content=\"image\/png\" \/>\n<meta name=\"twitter:card\" content=\"summary_large_image\" \/>\n<script type=\"application\/ld+json\" class=\"yoast-schema-graph\">{\"@context\":\"https:\\\/\\\/schema.org\",\"@graph\":[{\"@type\":\"WebPage\",\"@id\":\"https:\\\/\\\/www.lasocietedesplantes.com\\\/publication\\\/\",\"url\":\"https:\\\/\\\/www.lasocietedesplantes.com\\\/publication\\\/\",\"name\":\"Publications - LA SOCI\u00c9T\u00c9 DES PLANTES\",\"isPartOf\":{\"@id\":\"https:\\\/\\\/www.lasocietedesplantes.com\\\/#website\"},\"primaryImageOfPage\":{\"@id\":\"https:\\\/\\\/www.lasocietedesplantes.com\\\/publication\\\/#primaryimage\"},\"image\":{\"@id\":\"https:\\\/\\\/www.lasocietedesplantes.com\\\/publication\\\/#primaryimage\"},\"thumbnailUrl\":\"https:\\\/\\\/www.lasocietedesplantes.com\\\/wp-content\\\/uploads\\\/2022\\\/04\\\/web_Plan-de-travail-1-copie-10.png\",\"datePublished\":\"2021-01-31T00:30:21+00:00\",\"dateModified\":\"2023-06-09T13:53:49+00:00\",\"breadcrumb\":{\"@id\":\"https:\\\/\\\/www.lasocietedesplantes.com\\\/publication\\\/#breadcrumb\"},\"inLanguage\":\"en-CA\",\"potentialAction\":[{\"@type\":\"ReadAction\",\"target\":[\"https:\\\/\\\/www.lasocietedesplantes.com\\\/publication\\\/\"]}]},{\"@type\":\"ImageObject\",\"inLanguage\":\"en-CA\",\"@id\":\"https:\\\/\\\/www.lasocietedesplantes.com\\\/publication\\\/#primaryimage\",\"url\":\"https:\\\/\\\/www.lasocietedesplantes.com\\\/wp-content\\\/uploads\\\/2022\\\/04\\\/web_Plan-de-travail-1-copie-10.png\",\"contentUrl\":\"https:\\\/\\\/www.lasocietedesplantes.com\\\/wp-content\\\/uploads\\\/2022\\\/04\\\/web_Plan-de-travail-1-copie-10.png\",\"width\":1200,\"height\":350},{\"@type\":\"BreadcrumbList\",\"@id\":\"https:\\\/\\\/www.lasocietedesplantes.com\\\/publication\\\/#breadcrumb\",\"itemListElement\":[{\"@type\":\"ListItem\",\"position\":1,\"name\":\"Home\",\"item\":\"https:\\\/\\\/www.lasocietedesplantes.com\\\/\"},{\"@type\":\"ListItem\",\"position\":2,\"name\":\"Publications\"}]},{\"@type\":\"WebSite\",\"@id\":\"https:\\\/\\\/www.lasocietedesplantes.com\\\/#website\",\"url\":\"https:\\\/\\\/www.lasocietedesplantes.com\\\/\",\"name\":\"LA SOCI\u00c9T\u00c9 DES PLANTES\",\"description\":\"Semences de vari\u00e9t\u00e9s utiles et agr\u00e9ables\",\"publisher\":{\"@id\":\"https:\\\/\\\/www.lasocietedesplantes.com\\\/#organization\"},\"potentialAction\":[{\"@type\":\"SearchAction\",\"target\":{\"@type\":\"EntryPoint\",\"urlTemplate\":\"https:\\\/\\\/www.lasocietedesplantes.com\\\/?s={search_term_string}\"},\"query-input\":{\"@type\":\"PropertyValueSpecification\",\"valueRequired\":true,\"valueName\":\"search_term_string\"}}],\"inLanguage\":\"en-CA\"},{\"@type\":\"Organization\",\"@id\":\"https:\\\/\\\/www.lasocietedesplantes.com\\\/#organization\",\"name\":\"La soci\u00e9t\u00e9 des plantes\",\"url\":\"https:\\\/\\\/www.lasocietedesplantes.com\\\/\",\"logo\":{\"@type\":\"ImageObject\",\"inLanguage\":\"en-CA\",\"@id\":\"https:\\\/\\\/www.lasocietedesplantes.com\\\/#\\\/schema\\\/logo\\\/image\\\/\",\"url\":\"https:\\\/\\\/www.lasocietedesplantes.com\\\/wp-content\\\/uploads\\\/2022\\\/02\\\/la-societe-des-plantes-logo-mobile.png\",\"contentUrl\":\"https:\\\/\\\/www.lasocietedesplantes.com\\\/wp-content\\\/uploads\\\/2022\\\/02\\\/la-societe-des-plantes-logo-mobile.png\",\"width\":800,\"height\":313,\"caption\":\"La soci\u00e9t\u00e9 des plantes\"},\"image\":{\"@id\":\"https:\\\/\\\/www.lasocietedesplantes.com\\\/#\\\/schema\\\/logo\\\/image\\\/\"},\"sameAs\":[\"https:\\\/\\\/www.facebook.com\\\/LA-SOCI\u00c9T\u00c9-DES-PLANTES-100844866638607\\\/\",\"https:\\\/\\\/www.instagram.com\\\/la_societe_des_plantes\\\/\"]}]}<\/script>\n<!-- \/ Yoast SEO plugin. -->","yoast_head_json":{"title":"Publications - LA SOCI\u00c9T\u00c9 DES PLANTES","robots":{"index":"index","follow":"follow","max-snippet":"max-snippet:-1","max-image-preview":"max-image-preview:large","max-video-preview":"max-video-preview:-1"},"canonical":"https:\/\/www.lasocietedesplantes.com\/en\/publication\/","og_locale":"en_US","og_type":"article","og_title":"Publications - LA SOCI\u00c9T\u00c9 DES PLANTES","og_description":"ZINE MI-SAUVAGE Tout comme pour notre exposition MI-SAUVAGE au Centre d&rsquo;art de Kamouraska (2022), le Zine a pour sujet les adventices&nbsp;: des ... Read more","og_url":"https:\/\/www.lasocietedesplantes.com\/en\/publication\/","og_site_name":"LA SOCI\u00c9T\u00c9 DES PLANTES","article_publisher":"https:\/\/www.facebook.com\/LA-SOCI%c3%89T%c3%89-DES-PLANTES-100844866638607\/","article_modified_time":"2023-06-09T13:53:49+00:00","og_image":[{"width":1200,"height":350,"url":"https:\/\/www.lasocietedesplantes.com\/wp-content\/uploads\/2022\/04\/web_Plan-de-travail-1-copie-10.png","type":"image\/png"}],"twitter_card":"summary_large_image","schema":{"@context":"https:\/\/schema.org","@graph":[{"@type":"WebPage","@id":"https:\/\/www.lasocietedesplantes.com\/publication\/","url":"https:\/\/www.lasocietedesplantes.com\/publication\/","name":"Publications - LA SOCI\u00c9T\u00c9 DES PLANTES","isPartOf":{"@id":"https:\/\/www.lasocietedesplantes.com\/#website"},"primaryImageOfPage":{"@id":"https:\/\/www.lasocietedesplantes.com\/publication\/#primaryimage"},"image":{"@id":"https:\/\/www.lasocietedesplantes.com\/publication\/#primaryimage"},"thumbnailUrl":"https:\/\/www.lasocietedesplantes.com\/wp-content\/uploads\/2022\/04\/web_Plan-de-travail-1-copie-10.png","datePublished":"2021-01-31T00:30:21+00:00","dateModified":"2023-06-09T13:53:49+00:00","breadcrumb":{"@id":"https:\/\/www.lasocietedesplantes.com\/publication\/#breadcrumb"},"inLanguage":"en-CA","potentialAction":[{"@type":"ReadAction","target":["https:\/\/www.lasocietedesplantes.com\/publication\/"]}]},{"@type":"ImageObject","inLanguage":"en-CA","@id":"https:\/\/www.lasocietedesplantes.com\/publication\/#primaryimage","url":"https:\/\/www.lasocietedesplantes.com\/wp-content\/uploads\/2022\/04\/web_Plan-de-travail-1-copie-10.png","contentUrl":"https:\/\/www.lasocietedesplantes.com\/wp-content\/uploads\/2022\/04\/web_Plan-de-travail-1-copie-10.png","width":1200,"height":350},{"@type":"BreadcrumbList","@id":"https:\/\/www.lasocietedesplantes.com\/publication\/#breadcrumb","itemListElement":[{"@type":"ListItem","position":1,"name":"Home","item":"https:\/\/www.lasocietedesplantes.com\/"},{"@type":"ListItem","position":2,"name":"Publications"}]},{"@type":"WebSite","@id":"https:\/\/www.lasocietedesplantes.com\/#website","url":"https:\/\/www.lasocietedesplantes.com\/","name":"THE PLANT COMPANY","description":"Seeds of useful and pleasant varieties","publisher":{"@id":"https:\/\/www.lasocietedesplantes.com\/#organization"},"potentialAction":[{"@type":"SearchAction","target":{"@type":"EntryPoint","urlTemplate":"https:\/\/www.lasocietedesplantes.com\/?s={search_term_string}"},"query-input":{"@type":"PropertyValueSpecification","valueRequired":true,"valueName":"search_term_string"}}],"inLanguage":"en-CA"},{"@type":"Organization","@id":"https:\/\/www.lasocietedesplantes.com\/#organization","name":"The plant company","url":"https:\/\/www.lasocietedesplantes.com\/","logo":{"@type":"ImageObject","inLanguage":"en-CA","@id":"https:\/\/www.lasocietedesplantes.com\/#\/schema\/logo\/image\/","url":"https:\/\/www.lasocietedesplantes.com\/wp-content\/uploads\/2022\/02\/la-societe-des-plantes-logo-mobile.png","contentUrl":"https:\/\/www.lasocietedesplantes.com\/wp-content\/uploads\/2022\/02\/la-societe-des-plantes-logo-mobile.png","width":800,"height":313,"caption":"La soci\u00e9t\u00e9 des plantes"},"image":{"@id":"https:\/\/www.lasocietedesplantes.com\/#\/schema\/logo\/image\/"},"sameAs":["https:\/\/www.facebook.com\/LA-SOCI\u00c9T\u00c9-DES-PLANTES-100844866638607\/","https:\/\/www.instagram.com\/la_societe_des_plantes\/"]}]}},"_links":{"self":[{"href":"https:\/\/www.lasocietedesplantes.com\/en\/wp-json\/wp\/v2\/pages\/3591","targetHints":{"allow":["GET"]}}],"collection":[{"href":"https:\/\/www.lasocietedesplantes.com\/en\/wp-json\/wp\/v2\/pages"}],"about":[{"href":"https:\/\/www.lasocietedesplantes.com\/en\/wp-json\/wp\/v2\/types\/page"}],"author":[{"embeddable":true,"href":"https:\/\/www.lasocietedesplantes.com\/en\/wp-json\/wp\/v2\/users\/1"}],"replies":[{"embeddable":true,"href":"https:\/\/www.lasocietedesplantes.com\/en\/wp-json\/wp\/v2\/comments?post=3591"}],"version-history":[{"count":7,"href":"https:\/\/www.lasocietedesplantes.com\/en\/wp-json\/wp\/v2\/pages\/3591\/revisions"}],"predecessor-version":[{"id":55799,"href":"https:\/\/www.lasocietedesplantes.com\/en\/wp-json\/wp\/v2\/pages\/3591\/revisions\/55799"}],"wp:featuredmedia":[{"embeddable":true,"href":"https:\/\/www.lasocietedesplantes.com\/en\/wp-json\/wp\/v2\/media\/32025"}],"wp:attachment":[{"href":"https:\/\/www.lasocietedesplantes.com\/en\/wp-json\/wp\/v2\/media?parent=3591"}],"curies":[{"name":"wp","href":"https:\/\/api.w.org\/{rel}","templated":true}]}}